{"id":9665,"date":"2021-09-27T17:17:02","date_gmt":"2021-09-27T16:17:02","guid":{"rendered":"https:\/\/www.refereerecorder.com\/?post_type=product&#038;p=9665"},"modified":"2026-02-21T10:45:46","modified_gmt":"2026-02-21T09:45:46","slug":"molten-blazza","status":"publish","type":"product","link":"https:\/\/www.refereerecorder.com\/sk\/product\/molten-blazza\/","title":{"rendered":"P\u00ed\u0161\u0165alka Molten BLAZZA"},"content":{"rendered":"","protected":false},"excerpt":{"rendered":"<ul>\n<li>p\u00ed\u0161\u0165alka pre profesion\u00e1lnych rozhodcov<\/li>\n<li>tit\u00e1nov\u00fd n\u00e1ustok zabra\u0148uj\u00faci uhryznutiu<\/li>\n<li>2 frekvencie (3,67 a 4,15 kHz, 4 okt\u00e1vy) 125 dBA<\/li>\n<li>v bal\u00ed\u010dku so \u0161n\u00farkou na krk<\/li>\n<li>bez guli\u010dky<\/li>\n<\/ul>","protected":false},"featured_media":9666,"template":"","meta":{"inline_featured_image":false,"_mi_skip_tracking":false},"product_brand":[221],"product_cat":[175],"product_tag":[],"class_list":{"0":"post-9665","1":"product","2":"type-product","3":"status-publish","4":"has-post-thumbnail","6":"product_brand-molten","7":"product_cat-whistles","9":"first","10":"instock","11":"sale","12":"taxable","13":"shipping-taxable","14":"purchasable","15":"product-type-simple"},"jetpack_sharing_enabled":true,"_links":{"self":[{"href":"https:\/\/www.refereerecorder.com\/sk\/wp-json\/wp\/v2\/product\/9665","targetHints":{"allow":["GET"]}}],"collection":[{"href":"https:\/\/www.refereerecorder.com\/sk\/wp-json\/wp\/v2\/product"}],"about":[{"href":"https:\/\/www.refereerecorder.com\/sk\/wp-json\/wp\/v2\/types\/product"}],"version-history":[{"count":2,"href":"https:\/\/www.refereerecorder.com\/sk\/wp-json\/wp\/v2\/product\/9665\/revisions"}],"predecessor-version":[{"id":11010,"href":"https:\/\/www.refereerecorder.com\/sk\/wp-json\/wp\/v2\/product\/9665\/revisions\/11010"}],"wp:featuredmedia":[{"embeddable":true,"href":"https:\/\/www.refereerecorder.com\/sk\/wp-json\/wp\/v2\/media\/9666"}],"wp:attachment":[{"href":"https:\/\/www.refereerecorder.com\/sk\/wp-json\/wp\/v2\/media?parent=9665"}],"wp:term":[{"taxonomy":"product_brand","embeddable":true,"href":"https:\/\/www.refereerecorder.com\/sk\/wp-json\/wp\/v2\/product_brand?post=9665"},{"taxonomy":"product_cat","embeddable":true,"href":"https:\/\/www.refereerecorder.com\/sk\/wp-json\/wp\/v2\/product_cat?post=9665"},{"taxonomy":"product_tag","embeddable":true,"href":"https:\/\/www.refereerecorder.com\/sk\/wp-json\/wp\/v2\/product_tag?post=9665"}],"curies":[{"name":"wp","href":"https:\/\/api.w.org\/{rel}","templated":true}]}}