{"id":9602,"date":"2021-10-01T09:54:11","date_gmt":"2021-10-01T08:54:11","guid":{"rendered":"https:\/\/www.refereerecorder.com\/?post_type=product&#038;p=9602"},"modified":"2026-04-20T15:06:53","modified_gmt":"2026-04-20T14:06:53","slug":"lanyard-shor-pt","status":"publish","type":"product","link":"https:\/\/www.refereerecorder.com\/sk\/product\/lanyard-shor-pt\/","title":{"rendered":"P\u00ed\u0161\u0165alka na \u0161n\u00farke - pre PTS"},"content":{"rendered":"","protected":false},"excerpt":{"rendered":"<ul>\n<li>a clip for connecting a precisious time system (mic)<\/li>\n<li>2 black J-hooks<\/li>\n<li>length 28 cm \/ 11&#8243; (inc. hooks)<\/li>\n<li>Precision Time Systems (PTS) &#8211; When you blow your whistle, a microphone send a signal to the time system to stop a time.<\/li>\n<\/ul>","protected":false},"featured_media":10986,"template":"","meta":{"inline_featured_image":false,"_mi_skip_tracking":false},"product_brand":[220],"product_cat":[222],"product_tag":[],"class_list":{"0":"post-9602","1":"product","2":"type-product","3":"status-publish","4":"has-post-thumbnail","6":"product_brand-referee-recorder","7":"product_cat-lanyards","9":"first","10":"outofstock","11":"taxable","12":"shipping-taxable","13":"purchasable","14":"product-type-simple"},"jetpack_sharing_enabled":true,"_links":{"self":[{"href":"https:\/\/www.refereerecorder.com\/sk\/wp-json\/wp\/v2\/product\/9602","targetHints":{"allow":["GET"]}}],"collection":[{"href":"https:\/\/www.refereerecorder.com\/sk\/wp-json\/wp\/v2\/product"}],"about":[{"href":"https:\/\/www.refereerecorder.com\/sk\/wp-json\/wp\/v2\/types\/product"}],"version-history":[{"count":5,"href":"https:\/\/www.refereerecorder.com\/sk\/wp-json\/wp\/v2\/product\/9602\/revisions"}],"predecessor-version":[{"id":10985,"href":"https:\/\/www.refereerecorder.com\/sk\/wp-json\/wp\/v2\/product\/9602\/revisions\/10985"}],"wp:featuredmedia":[{"embeddable":true,"href":"https:\/\/www.refereerecorder.com\/sk\/wp-json\/wp\/v2\/media\/10986"}],"wp:attachment":[{"href":"https:\/\/www.refereerecorder.com\/sk\/wp-json\/wp\/v2\/media?parent=9602"}],"wp:term":[{"taxonomy":"product_brand","embeddable":true,"href":"https:\/\/www.refereerecorder.com\/sk\/wp-json\/wp\/v2\/product_brand?post=9602"},{"taxonomy":"product_cat","embeddable":true,"href":"https:\/\/www.refereerecorder.com\/sk\/wp-json\/wp\/v2\/product_cat?post=9602"},{"taxonomy":"product_tag","embeddable":true,"href":"https:\/\/www.refereerecorder.com\/sk\/wp-json\/wp\/v2\/product_tag?post=9602"}],"curies":[{"name":"wp","href":"https:\/\/api.w.org\/{rel}","templated":true}]}}