{"id":9599,"date":"2021-09-13T21:50:13","date_gmt":"2021-09-13T20:50:13","guid":{"rendered":"https:\/\/www.refereerecorder.com\/?post_type=product&#038;p=9599"},"modified":"2026-04-14T19:05:01","modified_gmt":"2026-04-14T18:05:01","slug":"fox40-sonik-blast-cmg","status":"publish","type":"product","link":"https:\/\/www.refereerecorder.com\/sk\/product\/fox40-sonik-blast-cmg\/","title":{"rendered":"P\u00ed\u0161\u0165alka FOX40 Sonik Blast CMG - \u010dierna"},"content":{"rendered":"","protected":false},"excerpt":{"rendered":"<ul>\n<li>rubber mouthpiece protecting teeth<\/li>\n<li>CMG (Cushioned Mouth Grip) &#8211; a rubber mouthpiece protecting your teeth<\/li>\n<li>clear and loud sound<\/li>\n<\/ul>","protected":false},"featured_media":11193,"template":"","meta":{"inline_featured_image":false,"_mi_skip_tracking":false},"product_brand":[219],"product_cat":[175],"product_tag":[],"class_list":{"0":"post-9599","1":"product","2":"type-product","3":"status-publish","4":"has-post-thumbnail","6":"product_brand-fox40","7":"product_cat-whistles","9":"first","10":"instock","11":"taxable","12":"shipping-taxable","13":"purchasable","14":"product-type-simple"},"jetpack_sharing_enabled":true,"_links":{"self":[{"href":"https:\/\/www.refereerecorder.com\/sk\/wp-json\/wp\/v2\/product\/9599","targetHints":{"allow":["GET"]}}],"collection":[{"href":"https:\/\/www.refereerecorder.com\/sk\/wp-json\/wp\/v2\/product"}],"about":[{"href":"https:\/\/www.refereerecorder.com\/sk\/wp-json\/wp\/v2\/types\/product"}],"version-history":[{"count":5,"href":"https:\/\/www.refereerecorder.com\/sk\/wp-json\/wp\/v2\/product\/9599\/revisions"}],"predecessor-version":[{"id":12206,"href":"https:\/\/www.refereerecorder.com\/sk\/wp-json\/wp\/v2\/product\/9599\/revisions\/12206"}],"wp:featuredmedia":[{"embeddable":true,"href":"https:\/\/www.refereerecorder.com\/sk\/wp-json\/wp\/v2\/media\/11193"}],"wp:attachment":[{"href":"https:\/\/www.refereerecorder.com\/sk\/wp-json\/wp\/v2\/media?parent=9599"}],"wp:term":[{"taxonomy":"product_brand","embeddable":true,"href":"https:\/\/www.refereerecorder.com\/sk\/wp-json\/wp\/v2\/product_brand?post=9599"},{"taxonomy":"product_cat","embeddable":true,"href":"https:\/\/www.refereerecorder.com\/sk\/wp-json\/wp\/v2\/product_cat?post=9599"},{"taxonomy":"product_tag","embeddable":true,"href":"https:\/\/www.refereerecorder.com\/sk\/wp-json\/wp\/v2\/product_tag?post=9599"}],"curies":[{"name":"wp","href":"https:\/\/api.w.org\/{rel}","templated":true}]}}