{"id":11925,"date":"2024-10-26T13:43:52","date_gmt":"2024-10-26T12:43:52","guid":{"rendered":"https:\/\/www.refereerecorder.com\/?post_type=product&#038;p=11925"},"modified":"2026-02-21T10:35:56","modified_gmt":"2026-02-21T09:35:56","slug":"whistle-fox40-classic-green","status":"publish","type":"product","link":"https:\/\/www.refereerecorder.com\/sk\/product\/whistle-fox40-classic-green\/","title":{"rendered":"P\u00ed\u0161\u0165alka FOX40 Classic \u2013 zelen\u00e1"},"content":{"rendered":"","protected":false},"excerpt":{"rendered":"<ul>\n<li>Zelen\u00e1 farba \u2013 pou\u017e\u00edva sa v niektor\u00fdch krajin\u00e1ch na vyjadrenie za\u010d\u00ednaj\u00faceho rozhodcu<\/li>\n<li>material that provides grip in the mouth and protection for the teeth<\/li>\n<li>clear and loud sound 115 dB<\/li>\n<\/ul>\n<p>Pozn\u00e1mka: Neobsahuje \u0161n\u00farku na p\u00ed\u0161\u0165alku! Je potrebn\u00e9 zak\u00fapi\u0165 samostatne.<\/p>","protected":false},"featured_media":11938,"template":"","meta":{"inline_featured_image":false,"_mi_skip_tracking":false},"product_brand":[219],"product_cat":[175],"product_tag":[],"class_list":{"0":"post-11925","1":"product","2":"type-product","3":"status-publish","4":"has-post-thumbnail","6":"product_brand-fox40","7":"product_cat-whistles","9":"first","10":"instock","11":"taxable","12":"shipping-taxable","13":"purchasable","14":"product-type-simple"},"jetpack_sharing_enabled":true,"_links":{"self":[{"href":"https:\/\/www.refereerecorder.com\/sk\/wp-json\/wp\/v2\/product\/11925","targetHints":{"allow":["GET"]}}],"collection":[{"href":"https:\/\/www.refereerecorder.com\/sk\/wp-json\/wp\/v2\/product"}],"about":[{"href":"https:\/\/www.refereerecorder.com\/sk\/wp-json\/wp\/v2\/types\/product"}],"version-history":[{"count":1,"href":"https:\/\/www.refereerecorder.com\/sk\/wp-json\/wp\/v2\/product\/11925\/revisions"}],"predecessor-version":[{"id":11927,"href":"https:\/\/www.refereerecorder.com\/sk\/wp-json\/wp\/v2\/product\/11925\/revisions\/11927"}],"wp:featuredmedia":[{"embeddable":true,"href":"https:\/\/www.refereerecorder.com\/sk\/wp-json\/wp\/v2\/media\/11938"}],"wp:attachment":[{"href":"https:\/\/www.refereerecorder.com\/sk\/wp-json\/wp\/v2\/media?parent=11925"}],"wp:term":[{"taxonomy":"product_brand","embeddable":true,"href":"https:\/\/www.refereerecorder.com\/sk\/wp-json\/wp\/v2\/product_brand?post=11925"},{"taxonomy":"product_cat","embeddable":true,"href":"https:\/\/www.refereerecorder.com\/sk\/wp-json\/wp\/v2\/product_cat?post=11925"},{"taxonomy":"product_tag","embeddable":true,"href":"https:\/\/www.refereerecorder.com\/sk\/wp-json\/wp\/v2\/product_tag?post=11925"}],"curies":[{"name":"wp","href":"https:\/\/api.w.org\/{rel}","templated":true}]}}