{"id":10890,"date":"2022-09-17T17:59:04","date_gmt":"2022-09-17T16:59:04","guid":{"rendered":"https:\/\/www.refereerecorder.com\/?post_type=product&#038;p=10890"},"modified":"2026-04-20T15:06:32","modified_gmt":"2026-04-20T14:06:32","slug":"whistle-lanyard-short","status":"publish","type":"product","link":"https:\/\/www.refereerecorder.com\/sk\/product\/whistle-lanyard-short\/","title":{"rendered":"\u0160n\u00farka na p\u00ed\u0161\u0165alku Short"},"content":{"rendered":"","protected":false},"excerpt":{"rendered":"<p>Single stranded cord lanyard with clips on each end. Attaches to the zipper or loop on your officiating shirt.<\/p>\n<p>Length 23 cm (including both clips)<\/p>","protected":false},"featured_media":10891,"template":"","meta":{"inline_featured_image":false,"_mi_skip_tracking":false},"product_brand":[220],"product_cat":[222],"product_tag":[],"class_list":{"0":"post-10890","1":"product","2":"type-product","3":"status-publish","4":"has-post-thumbnail","6":"product_brand-referee-recorder","7":"product_cat-lanyards","9":"first","10":"instock","11":"taxable","12":"shipping-taxable","13":"purchasable","14":"product-type-simple"},"jetpack_sharing_enabled":true,"_links":{"self":[{"href":"https:\/\/www.refereerecorder.com\/sk\/wp-json\/wp\/v2\/product\/10890","targetHints":{"allow":["GET"]}}],"collection":[{"href":"https:\/\/www.refereerecorder.com\/sk\/wp-json\/wp\/v2\/product"}],"about":[{"href":"https:\/\/www.refereerecorder.com\/sk\/wp-json\/wp\/v2\/types\/product"}],"version-history":[{"count":4,"href":"https:\/\/www.refereerecorder.com\/sk\/wp-json\/wp\/v2\/product\/10890\/revisions"}],"predecessor-version":[{"id":10978,"href":"https:\/\/www.refereerecorder.com\/sk\/wp-json\/wp\/v2\/product\/10890\/revisions\/10978"}],"wp:featuredmedia":[{"embeddable":true,"href":"https:\/\/www.refereerecorder.com\/sk\/wp-json\/wp\/v2\/media\/10891"}],"wp:attachment":[{"href":"https:\/\/www.refereerecorder.com\/sk\/wp-json\/wp\/v2\/media?parent=10890"}],"wp:term":[{"taxonomy":"product_brand","embeddable":true,"href":"https:\/\/www.refereerecorder.com\/sk\/wp-json\/wp\/v2\/product_brand?post=10890"},{"taxonomy":"product_cat","embeddable":true,"href":"https:\/\/www.refereerecorder.com\/sk\/wp-json\/wp\/v2\/product_cat?post=10890"},{"taxonomy":"product_tag","embeddable":true,"href":"https:\/\/www.refereerecorder.com\/sk\/wp-json\/wp\/v2\/product_tag?post=10890"}],"curies":[{"name":"wp","href":"https:\/\/api.w.org\/{rel}","templated":true}]}}