{"id":9665,"date":"2021-09-27T17:17:02","date_gmt":"2021-09-27T16:17:02","guid":{"rendered":"https:\/\/www.refereerecorder.com\/?post_type=product&#038;p=9665"},"modified":"2026-02-21T10:45:46","modified_gmt":"2026-02-21T09:45:46","slug":"molten-blazza","status":"publish","type":"product","link":"https:\/\/www.refereerecorder.com\/hu\/product\/molten-blazza\/","title":{"rendered":"S\u00edp Molten BLAZZA"},"content":{"rendered":"","protected":false},"excerpt":{"rendered":"<ul>\n<li>s\u00edp a hivat\u00e1sos j\u00e1t\u00e9kvezet\u0151knek<\/li>\n<li>tit\u00e1n sz\u00e1jr\u00e9sz, amely megakad\u00e1lyozza a harap\u00e1st<\/li>\n<li>2 frekvencia (3,67 \u00e9s 4,15 kHz, 4 okt\u00e1v) 125 dBA<\/li>\n<li>nyakp\u00e1ntos csomagol\u00e1sban<\/li>\n<li>labda n\u00e9lk\u00fcl<\/li>\n<\/ul>","protected":false},"featured_media":9666,"template":"","meta":{"inline_featured_image":false,"_mi_skip_tracking":false},"product_brand":[221],"product_cat":[175],"product_tag":[],"class_list":{"0":"post-9665","1":"product","2":"type-product","3":"status-publish","4":"has-post-thumbnail","6":"product_brand-molten","7":"product_cat-whistles","9":"first","10":"instock","11":"sale","12":"taxable","13":"shipping-taxable","14":"purchasable","15":"product-type-simple"},"jetpack_sharing_enabled":true,"_links":{"self":[{"href":"https:\/\/www.refereerecorder.com\/hu\/wp-json\/wp\/v2\/product\/9665","targetHints":{"allow":["GET"]}}],"collection":[{"href":"https:\/\/www.refereerecorder.com\/hu\/wp-json\/wp\/v2\/product"}],"about":[{"href":"https:\/\/www.refereerecorder.com\/hu\/wp-json\/wp\/v2\/types\/product"}],"version-history":[{"count":2,"href":"https:\/\/www.refereerecorder.com\/hu\/wp-json\/wp\/v2\/product\/9665\/revisions"}],"predecessor-version":[{"id":11010,"href":"https:\/\/www.refereerecorder.com\/hu\/wp-json\/wp\/v2\/product\/9665\/revisions\/11010"}],"wp:featuredmedia":[{"embeddable":true,"href":"https:\/\/www.refereerecorder.com\/hu\/wp-json\/wp\/v2\/media\/9666"}],"wp:attachment":[{"href":"https:\/\/www.refereerecorder.com\/hu\/wp-json\/wp\/v2\/media?parent=9665"}],"wp:term":[{"taxonomy":"product_brand","embeddable":true,"href":"https:\/\/www.refereerecorder.com\/hu\/wp-json\/wp\/v2\/product_brand?post=9665"},{"taxonomy":"product_cat","embeddable":true,"href":"https:\/\/www.refereerecorder.com\/hu\/wp-json\/wp\/v2\/product_cat?post=9665"},{"taxonomy":"product_tag","embeddable":true,"href":"https:\/\/www.refereerecorder.com\/hu\/wp-json\/wp\/v2\/product_tag?post=9665"}],"curies":[{"name":"wp","href":"https:\/\/api.w.org\/{rel}","templated":true}]}}