{"id":9597,"date":"2021-09-13T21:54:44","date_gmt":"2021-09-13T20:54:44","guid":{"rendered":"https:\/\/www.refereerecorder.com\/?post_type=product&#038;p=9597"},"modified":"2026-04-05T09:32:19","modified_gmt":"2026-04-05T08:32:19","slug":"molten-dolphin-lanyard","status":"publish","type":"product","link":"https:\/\/www.refereerecorder.com\/hu\/product\/molten-dolphin-lanyard\/","title":{"rendered":"S\u00edp Molten DOLFIN + zsin\u00f3r"},"content":{"rendered":"","protected":false},"excerpt":{"rendered":"<ul>\n<li>s\u00edp a hivat\u00e1sos j\u00e1t\u00e9kvezet\u0151knek<\/li>\n<li>ellen\u00e1ll\u00f3 sz\u00e1jr\u00e9sz<\/li>\n<li>nyakp\u00e1ntos csomagol\u00e1sban<\/li>\n<li>labda n\u00e9lk\u00fcl<\/li>\n<\/ul>","protected":false},"featured_media":9675,"template":"","meta":{"inline_featured_image":false,"_mi_skip_tracking":false},"product_brand":[221],"product_cat":[175],"product_tag":[],"class_list":{"0":"post-9597","1":"product","2":"type-product","3":"status-publish","4":"has-post-thumbnail","6":"product_brand-molten","7":"product_cat-whistles","9":"first","10":"instock","11":"sale","12":"taxable","13":"shipping-taxable","14":"purchasable","15":"product-type-simple"},"jetpack_sharing_enabled":true,"_links":{"self":[{"href":"https:\/\/www.refereerecorder.com\/hu\/wp-json\/wp\/v2\/product\/9597","targetHints":{"allow":["GET"]}}],"collection":[{"href":"https:\/\/www.refereerecorder.com\/hu\/wp-json\/wp\/v2\/product"}],"about":[{"href":"https:\/\/www.refereerecorder.com\/hu\/wp-json\/wp\/v2\/types\/product"}],"version-history":[{"count":3,"href":"https:\/\/www.refereerecorder.com\/hu\/wp-json\/wp\/v2\/product\/9597\/revisions"}],"predecessor-version":[{"id":11602,"href":"https:\/\/www.refereerecorder.com\/hu\/wp-json\/wp\/v2\/product\/9597\/revisions\/11602"}],"wp:featuredmedia":[{"embeddable":true,"href":"https:\/\/www.refereerecorder.com\/hu\/wp-json\/wp\/v2\/media\/9675"}],"wp:attachment":[{"href":"https:\/\/www.refereerecorder.com\/hu\/wp-json\/wp\/v2\/media?parent=9597"}],"wp:term":[{"taxonomy":"product_brand","embeddable":true,"href":"https:\/\/www.refereerecorder.com\/hu\/wp-json\/wp\/v2\/product_brand?post=9597"},{"taxonomy":"product_cat","embeddable":true,"href":"https:\/\/www.refereerecorder.com\/hu\/wp-json\/wp\/v2\/product_cat?post=9597"},{"taxonomy":"product_tag","embeddable":true,"href":"https:\/\/www.refereerecorder.com\/hu\/wp-json\/wp\/v2\/product_tag?post=9597"}],"curies":[{"name":"wp","href":"https:\/\/api.w.org\/{rel}","templated":true}]}}