{"id":11925,"date":"2024-10-26T13:43:52","date_gmt":"2024-10-26T12:43:52","guid":{"rendered":"https:\/\/www.refereerecorder.com\/?post_type=product&#038;p=11925"},"modified":"2026-02-21T10:35:56","modified_gmt":"2026-02-21T09:35:56","slug":"whistle-fox40-classic-green","status":"publish","type":"product","link":"https:\/\/www.refereerecorder.com\/hu\/product\/whistle-fox40-classic-green\/","title":{"rendered":"FOX40 Classic s\u00edp \u2013 z\u00f6ld"},"content":{"rendered":"","protected":false},"excerpt":{"rendered":"<ul>\n<li>Z\u00f6ld sz\u00edn \u2013 egyes orsz\u00e1gokban a kezd\u0151 j\u00e1t\u00e9kvezet\u0151 kifejez\u00e9s\u00e9re haszn\u00e1lj\u00e1k<\/li>\n<li>material that provides grip in the mouth and protection for the teeth<\/li>\n<li>clear and loud sound 115 dB<\/li>\n<\/ul>\n<p>Megjegyz\u00e9s: A s\u00edpk\u00e1belt nem tartalmazza! K\u00fcl\u00f6n kell megv\u00e1s\u00e1rolni.<\/p>","protected":false},"featured_media":11938,"template":"","meta":{"inline_featured_image":false,"_mi_skip_tracking":false},"product_brand":[219],"product_cat":[175],"product_tag":[],"class_list":{"0":"post-11925","1":"product","2":"type-product","3":"status-publish","4":"has-post-thumbnail","6":"product_brand-fox40","7":"product_cat-whistles","9":"first","10":"instock","11":"taxable","12":"shipping-taxable","13":"purchasable","14":"product-type-simple"},"jetpack_sharing_enabled":true,"_links":{"self":[{"href":"https:\/\/www.refereerecorder.com\/hu\/wp-json\/wp\/v2\/product\/11925","targetHints":{"allow":["GET"]}}],"collection":[{"href":"https:\/\/www.refereerecorder.com\/hu\/wp-json\/wp\/v2\/product"}],"about":[{"href":"https:\/\/www.refereerecorder.com\/hu\/wp-json\/wp\/v2\/types\/product"}],"version-history":[{"count":1,"href":"https:\/\/www.refereerecorder.com\/hu\/wp-json\/wp\/v2\/product\/11925\/revisions"}],"predecessor-version":[{"id":11927,"href":"https:\/\/www.refereerecorder.com\/hu\/wp-json\/wp\/v2\/product\/11925\/revisions\/11927"}],"wp:featuredmedia":[{"embeddable":true,"href":"https:\/\/www.refereerecorder.com\/hu\/wp-json\/wp\/v2\/media\/11938"}],"wp:attachment":[{"href":"https:\/\/www.refereerecorder.com\/hu\/wp-json\/wp\/v2\/media?parent=11925"}],"wp:term":[{"taxonomy":"product_brand","embeddable":true,"href":"https:\/\/www.refereerecorder.com\/hu\/wp-json\/wp\/v2\/product_brand?post=11925"},{"taxonomy":"product_cat","embeddable":true,"href":"https:\/\/www.refereerecorder.com\/hu\/wp-json\/wp\/v2\/product_cat?post=11925"},{"taxonomy":"product_tag","embeddable":true,"href":"https:\/\/www.refereerecorder.com\/hu\/wp-json\/wp\/v2\/product_tag?post=11925"}],"curies":[{"name":"wp","href":"https:\/\/api.w.org\/{rel}","templated":true}]}}