{"id":11920,"date":"2024-10-26T13:26:09","date_gmt":"2024-10-26T12:26:09","guid":{"rendered":"https:\/\/www.refereerecorder.com\/?post_type=product&#038;p=11920"},"modified":"2026-02-26T23:43:39","modified_gmt":"2026-02-26T22:43:39","slug":"whistle-fox40-green","status":"publish","type":"product","link":"https:\/\/www.refereerecorder.com\/hu\/product\/whistle-fox40-green\/","title":{"rendered":"FOX40 Sonik Blast CMG s\u00edp - z\u00f6ld + nyakp\u00e1nt"},"content":{"rendered":"","protected":false},"excerpt":{"rendered":"<ul>\n<li>Z\u00f6ld sz\u00edn \u2013 egyes orsz\u00e1gokban a kezd\u0151 j\u00e1t\u00e9kvezet\u0151 kifejez\u00e9s\u00e9re haszn\u00e1lj\u00e1k<\/li>\n<li>CMG (Cushioned Mouth Grip) &#8211;\u00a0rubber mouthpiece protecting your teeth<\/li>\n<li>tiszta \u00e9s hangos hang 120 dB<\/li>\n<li>whistle lanyard included<\/li>\n<\/ul>","protected":false},"featured_media":11941,"template":"","meta":{"inline_featured_image":false,"_mi_skip_tracking":false},"product_brand":[219],"product_cat":[175],"product_tag":[],"class_list":{"0":"post-11920","1":"product","2":"type-product","3":"status-publish","4":"has-post-thumbnail","6":"product_brand-fox40","7":"product_cat-whistles","9":"first","10":"instock","11":"taxable","12":"shipping-taxable","13":"purchasable","14":"product-type-simple"},"jetpack_sharing_enabled":true,"_links":{"self":[{"href":"https:\/\/www.refereerecorder.com\/hu\/wp-json\/wp\/v2\/product\/11920","targetHints":{"allow":["GET"]}}],"collection":[{"href":"https:\/\/www.refereerecorder.com\/hu\/wp-json\/wp\/v2\/product"}],"about":[{"href":"https:\/\/www.refereerecorder.com\/hu\/wp-json\/wp\/v2\/types\/product"}],"version-history":[{"count":4,"href":"https:\/\/www.refereerecorder.com\/hu\/wp-json\/wp\/v2\/product\/11920\/revisions"}],"predecessor-version":[{"id":11945,"href":"https:\/\/www.refereerecorder.com\/hu\/wp-json\/wp\/v2\/product\/11920\/revisions\/11945"}],"wp:featuredmedia":[{"embeddable":true,"href":"https:\/\/www.refereerecorder.com\/hu\/wp-json\/wp\/v2\/media\/11941"}],"wp:attachment":[{"href":"https:\/\/www.refereerecorder.com\/hu\/wp-json\/wp\/v2\/media?parent=11920"}],"wp:term":[{"taxonomy":"product_brand","embeddable":true,"href":"https:\/\/www.refereerecorder.com\/hu\/wp-json\/wp\/v2\/product_brand?post=11920"},{"taxonomy":"product_cat","embeddable":true,"href":"https:\/\/www.refereerecorder.com\/hu\/wp-json\/wp\/v2\/product_cat?post=11920"},{"taxonomy":"product_tag","embeddable":true,"href":"https:\/\/www.refereerecorder.com\/hu\/wp-json\/wp\/v2\/product_tag?post=11920"}],"curies":[{"name":"wp","href":"https:\/\/api.w.org\/{rel}","templated":true}]}}