{"id":11694,"date":"2023-12-25T15:51:11","date_gmt":"2023-12-25T14:51:11","guid":{"rendered":"https:\/\/www.refereerecorder.com\/?post_type=product&#038;p=11694"},"modified":"2026-02-21T10:36:30","modified_gmt":"2026-02-21T09:36:30","slug":"gift-card-e100","status":"publish","type":"product","link":"https:\/\/www.refereerecorder.com\/hu\/product\/gift-card-e100\/","title":{"rendered":"Aj\u00e1nd\u00e9kk\u00e1rtya 30 \u20ac \/ 50 \u20ac \/ 100 \u20ac"},"content":{"rendered":"<p>Az aj\u00e1nd\u00e9kk\u00e1rtya \u00e9rt\u00e9ke 30 \u20ac, 50 \u20ac vagy 100 \u20ac - k\u00e9rj\u00fck, v\u00e1lassza ki az \u00e9rt\u00e9k\u00e9t fentebb.<\/p>","protected":false},"excerpt":{"rendered":"<p>V\u00e1s\u00e1rolja meg ezt az aj\u00e1nd\u00e9kk\u00e1rty\u00e1t bar\u00e1tj\u00e1nak.<\/p>\n<p>We will send you a gift card with an unique discount code via e-mail (PDF file). The recipient can later choose anything from our online store of their choice.<\/p>","protected":false},"featured_media":11690,"template":"","meta":{"inline_featured_image":false,"_mi_skip_tracking":false},"product_brand":[220],"product_cat":[211],"product_tag":[],"class_list":{"0":"post-11694","1":"product","2":"type-product","3":"status-publish","4":"has-post-thumbnail","6":"product_brand-referee-recorder","7":"product_cat-gift-cards","8":"product_shipping_class-shippingfree","10":"first","11":"instock","12":"taxable","13":"shipping-taxable","14":"purchasable","15":"product-type-variable","16":"has-default-attributes"},"jetpack_sharing_enabled":true,"_links":{"self":[{"href":"https:\/\/www.refereerecorder.com\/hu\/wp-json\/wp\/v2\/product\/11694","targetHints":{"allow":["GET"]}}],"collection":[{"href":"https:\/\/www.refereerecorder.com\/hu\/wp-json\/wp\/v2\/product"}],"about":[{"href":"https:\/\/www.refereerecorder.com\/hu\/wp-json\/wp\/v2\/types\/product"}],"version-history":[{"count":3,"href":"https:\/\/www.refereerecorder.com\/hu\/wp-json\/wp\/v2\/product\/11694\/revisions"}],"predecessor-version":[{"id":11703,"href":"https:\/\/www.refereerecorder.com\/hu\/wp-json\/wp\/v2\/product\/11694\/revisions\/11703"}],"wp:featuredmedia":[{"embeddable":true,"href":"https:\/\/www.refereerecorder.com\/hu\/wp-json\/wp\/v2\/media\/11690"}],"wp:attachment":[{"href":"https:\/\/www.refereerecorder.com\/hu\/wp-json\/wp\/v2\/media?parent=11694"}],"wp:term":[{"taxonomy":"product_brand","embeddable":true,"href":"https:\/\/www.refereerecorder.com\/hu\/wp-json\/wp\/v2\/product_brand?post=11694"},{"taxonomy":"product_cat","embeddable":true,"href":"https:\/\/www.refereerecorder.com\/hu\/wp-json\/wp\/v2\/product_cat?post=11694"},{"taxonomy":"product_tag","embeddable":true,"href":"https:\/\/www.refereerecorder.com\/hu\/wp-json\/wp\/v2\/product_tag?post=11694"}],"curies":[{"name":"wp","href":"https:\/\/api.w.org\/{rel}","templated":true}]}}