{"id":11023,"date":"2022-12-01T09:01:55","date_gmt":"2022-12-01T08:01:55","guid":{"rendered":"https:\/\/www.refereerecorder.com\/?post_type=product&#038;p=11023"},"modified":"2026-02-21T10:41:14","modified_gmt":"2026-02-21T09:41:14","slug":"whistle-molten-vorca","status":"publish","type":"product","link":"https:\/\/www.refereerecorder.com\/hu\/product\/whistle-molten-vorca\/","title":{"rendered":"S\u00edp Molten Vorca + Fingergrip"},"content":{"rendered":"","protected":false},"excerpt":{"rendered":"<ul>\n<li>a whistle for professional handball referees (not only:)<\/li>\n<li>labda n\u00e9lk\u00fcl<\/li>\n<li>fogakkal\/harap\u00e1ssal szemben ellen\u00e1ll\u00f3 sz\u00e1jr\u00e9sz<\/li>\n<li>4 octave sound<\/li>\n<li>constant pure tone 113db \/ 1 m<\/li>\n<li>2 frequency ranges (3.74 and 4.1 kHz)<\/li>\n<li>including hand flip grip in 2 sizes<\/li>\n<li>black color<\/li>\n<\/ul>","protected":false},"featured_media":11030,"template":"","meta":{"inline_featured_image":false,"_mi_skip_tracking":false},"product_brand":[221],"product_cat":[175],"product_tag":[],"class_list":{"0":"post-11023","1":"product","2":"type-product","3":"status-publish","4":"has-post-thumbnail","6":"product_brand-molten","7":"product_cat-whistles","9":"first","10":"instock","11":"sale","12":"taxable","13":"shipping-taxable","14":"purchasable","15":"product-type-simple"},"jetpack_sharing_enabled":true,"_links":{"self":[{"href":"https:\/\/www.refereerecorder.com\/hu\/wp-json\/wp\/v2\/product\/11023","targetHints":{"allow":["GET"]}}],"collection":[{"href":"https:\/\/www.refereerecorder.com\/hu\/wp-json\/wp\/v2\/product"}],"about":[{"href":"https:\/\/www.refereerecorder.com\/hu\/wp-json\/wp\/v2\/types\/product"}],"version-history":[{"count":3,"href":"https:\/\/www.refereerecorder.com\/hu\/wp-json\/wp\/v2\/product\/11023\/revisions"}],"predecessor-version":[{"id":11032,"href":"https:\/\/www.refereerecorder.com\/hu\/wp-json\/wp\/v2\/product\/11023\/revisions\/11032"}],"wp:featuredmedia":[{"embeddable":true,"href":"https:\/\/www.refereerecorder.com\/hu\/wp-json\/wp\/v2\/media\/11030"}],"wp:attachment":[{"href":"https:\/\/www.refereerecorder.com\/hu\/wp-json\/wp\/v2\/media?parent=11023"}],"wp:term":[{"taxonomy":"product_brand","embeddable":true,"href":"https:\/\/www.refereerecorder.com\/hu\/wp-json\/wp\/v2\/product_brand?post=11023"},{"taxonomy":"product_cat","embeddable":true,"href":"https:\/\/www.refereerecorder.com\/hu\/wp-json\/wp\/v2\/product_cat?post=11023"},{"taxonomy":"product_tag","embeddable":true,"href":"https:\/\/www.refereerecorder.com\/hu\/wp-json\/wp\/v2\/product_tag?post=11023"}],"curies":[{"name":"wp","href":"https:\/\/api.w.org\/{rel}","templated":true}]}}