{"id":9606,"date":"2021-09-27T17:38:52","date_gmt":"2021-09-27T16:38:52","guid":{"rendered":"https:\/\/www.refereerecorder.com\/?post_type=product&#038;p=9606"},"modified":"2026-04-22T21:14:58","modified_gmt":"2026-04-22T20:14:58","slug":"lanyard-stretch","status":"publish","type":"product","link":"https:\/\/www.refereerecorder.com\/cs\/product\/lanyard-stretch\/","title":{"rendered":"\u0160n\u016frka k p\u00ed\u0161\u0165alce Elastic (nap\u00ednac\u00ed)"},"content":{"rendered":"","protected":false},"excerpt":{"rendered":"<ul>\n<li>Length: 18cm<\/li>\n<li>Weigth: 30 g<\/li>\n<li>Material Zinc Alloy + Plastic<\/li>\n<\/ul>","protected":false},"featured_media":9815,"template":"","meta":{"inline_featured_image":false,"_mi_skip_tracking":false},"product_brand":[220],"product_cat":[222],"product_tag":[],"class_list":{"0":"post-9606","1":"product","2":"type-product","3":"status-publish","4":"has-post-thumbnail","6":"product_brand-referee-recorder","7":"product_cat-lanyards","9":"first","10":"instock","11":"sale","12":"taxable","13":"shipping-taxable","14":"purchasable","15":"product-type-simple"},"jetpack_sharing_enabled":true,"_links":{"self":[{"href":"https:\/\/www.refereerecorder.com\/cs\/wp-json\/wp\/v2\/product\/9606","targetHints":{"allow":["GET"]}}],"collection":[{"href":"https:\/\/www.refereerecorder.com\/cs\/wp-json\/wp\/v2\/product"}],"about":[{"href":"https:\/\/www.refereerecorder.com\/cs\/wp-json\/wp\/v2\/types\/product"}],"version-history":[{"count":3,"href":"https:\/\/www.refereerecorder.com\/cs\/wp-json\/wp\/v2\/product\/9606\/revisions"}],"predecessor-version":[{"id":10980,"href":"https:\/\/www.refereerecorder.com\/cs\/wp-json\/wp\/v2\/product\/9606\/revisions\/10980"}],"wp:featuredmedia":[{"embeddable":true,"href":"https:\/\/www.refereerecorder.com\/cs\/wp-json\/wp\/v2\/media\/9815"}],"wp:attachment":[{"href":"https:\/\/www.refereerecorder.com\/cs\/wp-json\/wp\/v2\/media?parent=9606"}],"wp:term":[{"taxonomy":"product_brand","embeddable":true,"href":"https:\/\/www.refereerecorder.com\/cs\/wp-json\/wp\/v2\/product_brand?post=9606"},{"taxonomy":"product_cat","embeddable":true,"href":"https:\/\/www.refereerecorder.com\/cs\/wp-json\/wp\/v2\/product_cat?post=9606"},{"taxonomy":"product_tag","embeddable":true,"href":"https:\/\/www.refereerecorder.com\/cs\/wp-json\/wp\/v2\/product_tag?post=9606"}],"curies":[{"name":"wp","href":"https:\/\/api.w.org\/{rel}","templated":true}]}}