{"id":6497,"date":"2020-07-20T07:29:23","date_gmt":"2020-07-20T06:29:23","guid":{"rendered":"http:\/\/www.refereerecorder.com\/?post_type=product&#038;p=6497"},"modified":"2026-02-21T10:47:40","modified_gmt":"2026-02-21T09:47:40","slug":"recorder","status":"publish","type":"product","link":"https:\/\/www.refereerecorder.com\/cs\/product\/recorder\/","title":{"rendered":"RECORDER + pouzdro"},"content":{"rendered":"<div data-elementor-type=\"wp-post\" data-elementor-id=\"6497\" class=\"elementor elementor-6497\">\n\t\t\t\t\t\t\t\t\t<section class=\"elementor-section elementor-top-section elementor-element elementor-element-707e0027 elementor-section-boxed elementor-section-height-default elementor-section-height-default\" data-id=\"707e0027\" data-element_type=\"section\">\n\t\t\t\t\t\t<div class=\"elementor-container elementor-column-gap-default\">\n\t\t\t\t\t<div class=\"elementor-column elementor-col-100 elementor-top-column elementor-element elementor-element-22415dab\" data-id=\"22415dab\" data-element_type=\"column\">\n\t\t\t<div class=\"elementor-widget-wrap elementor-element-populated\">\n\t\t\t\t\t\t\t\t<div class=\"elementor-element elementor-element-63b768da elementor-widget elementor-widget-text-editor\" data-id=\"63b768da\" data-element_type=\"widget\" data-widget_type=\"text-editor.default\">\n\t\t\t\t<div class=\"elementor-widget-container\">\n\t\t\t\t\t\t\t<p>S RECORDER si bude\u0161 moct ulo\u017eit kl\u00ed\u010dov\u00e9 okam\u017eiky b\u011bhem tv\u00e9ho utk\u00e1n\u00ed.<\/p>\n<p><\/p>\n<p><b>Jak to funguje?<\/b><\/p>\n<p>Start recording a very short moment before opening the match.<\/p>\n<p>Then just click the Record- button to save your moments.<\/p>\n<p>Application will create as many videoclips from the game as you saved situations from the match. Videoclip will take last 25 seconds before Record button is pressed. Then you can edit timing of the particular videoclip for sure.<\/p>\n<p><b>&nbsp;<\/b><\/p>\n<p><b>Data transfering:<\/b>&nbsp;<\/p><p>Transfering data from RECORDER to the Application works via NFC. Put your mobile phone (or any other device with NFC chip) on the front side of the RECORDER, close to the NFC icon.&nbsp;<\/p>\n<p><\/p>\n<p><br><\/p><p><b>More info<\/b><\/p><p>For more info take a look into <a href=\"https:\/\/www.refereerecorder.com\/cs\/faq\/\">FAQ section<\/a>&nbsp;or download a Instructions for use<\/p>\n<p><\/p>\t\t\t\t\t\t<\/div>\n\t\t\t\t<\/div>\n\t\t\t\t\t<\/div>\n\t\t<\/div>\n\t\t\t\t\t\t\t<\/div>\n\t\t<\/section>\n\t\t\t\t\t\t\t<\/div>","protected":false},"excerpt":{"rendered":"<p>RECORDER je za\u0159\u00edzen\u00ed, se kter\u00fdm bude\u0161 moct ozna\u010dovat zaj\u00edmav\u00e9 situace. Sta\u010d\u00ed stisknout tla\u010d\u00edtko a t\u011b\u0161it se na videoklipy ze hry.<\/p>\n<p>Jedin\u00e9, co k vytvo\u0159en\u00ed videoklip\u016f bude\u0161 pot\u0159ebovat, je tak samotn\u00fd videoz\u00e1znam utk\u00e1n\u00ed. Tv\u00e9 klipy z\u00edsk\u00e1\u0161 ihned po skon\u010den\u00ed utk\u00e1n\u00ed (pokud je poskytnuto video-live-stream s konkr\u00e9tn\u00ed URL webovou adresou).\nRECORDER funguje s jak\u00fdmkoliv z\u00e1znamem videoz\u00e1znamu z tv\u00e9ho utk\u00e1n\u00ed. Nen\u00ed nijak spojen s kamerou. Za\u0159\u00edzen\u00ed je zcela nez\u00e1visl\u00e9, tak\u017ee sv\u00e9 klipy m\u016f\u017ee\u0161 z\u00edskat z kter\u00e9hokoli videa i zp\u011btn\u011b.<\/p>\n<p class=\"translation-block\">Your situations are transferred to the <a href=\"https:\/\/app.refereerecorder.com\/login\" target=\"_self\">Application<\/a> via NFC (Near Field Communication) \u2013 just put your mobile phone and the Recorder close together, like when you pay with your mobile phone at a store checkout.<\/p>\n<p><strong>Parametry RECORDERu:<\/strong><\/p>\n<ul>\n<li>3 tla\u010d\u00edtka: (1) hlavn\u00ed (\u010derven\u00e9) tla\u010d\u00edtko pro ulo\u017een\u00ed situace, (2) tla\u010d\u00edtko pro smaz\u00e1n\u00ed pam\u011bti po utk\u00e1n\u00ed a  (3) tla\u010d\u00edtko zapnut\u00ed\/vypnut\u00ed.<\/li>\n<li>Displej zobrazuje po\u010det z\u00e1znam\u016f, kapacitu baterie a d\u00e9lku utk\u00e1n\u00ed<\/li>\n<li>Baterie \u2013 kapacita je schopna zaznamenat mnoho z\u00e1pas\u016f za sebou (micro-USB konektor pro nab\u00edjen\u00ed)<\/li>\n<li>Spona pro snadn\u00e9 no\u0161en\u00ed. Doporu\u010dujeme nosit na opasku kalhot nebo p\u0159\u00edmo na kra\u0165asech.<\/li>\n<li>Pam\u011b\u0165 \u2013 kapacita 10 hodin (nep\u0159eru\u0161ovan\u00e9ho) z\u00e1znamu, 400 z\u00e1znam\u016f.<\/li>\n<li>Rozm\u011bry: 9 x 6 x 2 cm<\/li>\n<li>Weight: 88 g<\/li>\n<li>Odolnost proti vod\u011b: Odoln\u00fd v\u016f\u010di slab\u00e9mu de\u0161ti.<\/li>\n<\/ul>\n<p><strong>P\u0159\u00edslu\u0161enstv\u00ed:<\/strong><\/p>\n<ul>\n<li>Sou\u010d\u00e1st\u00ed balen\u00ed je tak\u00e9 <a href=\"https:\/\/www.refereerecorder.com\/cs\/produkt-2\/portable-case\/\">Cestovn\u00ed pouzdro pro RECORDER<\/a>!<\/li>\n<li>Kabel pro nab\u00edjen\u00ed nen\u00ed sou\u010d\u00e1st\u00ed dod\u00e1vky, ale m\u016f\u017ee\u0161 jej p\u0159idat do ko\u0161\u00edku samostatn\u011b (odkaz <a href=\"https:\/\/www.refereerecorder.com\/cs\/produkt-2\/charging-cable\/\">here<\/a>).<\/li>\n<\/ul>","protected":false},"featured_media":8595,"template":"","meta":{"inline_featured_image":false,"_mi_skip_tracking":false},"product_brand":[220],"product_cat":[136],"product_tag":[],"class_list":{"0":"post-6497","1":"product","2":"type-product","3":"status-publish","4":"has-post-thumbnail","6":"product_brand-referee-recorder","7":"product_cat-electronics","9":"first","10":"instock","11":"sale","12":"taxable","13":"shipping-taxable","14":"purchasable","15":"product-type-simple"},"jetpack_sharing_enabled":true,"_links":{"self":[{"href":"https:\/\/www.refereerecorder.com\/cs\/wp-json\/wp\/v2\/product\/6497","targetHints":{"allow":["GET"]}}],"collection":[{"href":"https:\/\/www.refereerecorder.com\/cs\/wp-json\/wp\/v2\/product"}],"about":[{"href":"https:\/\/www.refereerecorder.com\/cs\/wp-json\/wp\/v2\/types\/product"}],"version-history":[{"count":8,"href":"https:\/\/www.refereerecorder.com\/cs\/wp-json\/wp\/v2\/product\/6497\/revisions"}],"predecessor-version":[{"id":11659,"href":"https:\/\/www.refereerecorder.com\/cs\/wp-json\/wp\/v2\/product\/6497\/revisions\/11659"}],"wp:featuredmedia":[{"embeddable":true,"href":"https:\/\/www.refereerecorder.com\/cs\/wp-json\/wp\/v2\/media\/8595"}],"wp:attachment":[{"href":"https:\/\/www.refereerecorder.com\/cs\/wp-json\/wp\/v2\/media?parent=6497"}],"wp:term":[{"taxonomy":"product_brand","embeddable":true,"href":"https:\/\/www.refereerecorder.com\/cs\/wp-json\/wp\/v2\/product_brand?post=6497"},{"taxonomy":"product_cat","embeddable":true,"href":"https:\/\/www.refereerecorder.com\/cs\/wp-json\/wp\/v2\/product_cat?post=6497"},{"taxonomy":"product_tag","embeddable":true,"href":"https:\/\/www.refereerecorder.com\/cs\/wp-json\/wp\/v2\/product_tag?post=6497"}],"curies":[{"name":"wp","href":"https:\/\/api.w.org\/{rel}","templated":true}]}}