{"id":12123,"date":"2025-10-23T10:51:41","date_gmt":"2025-10-23T09:51:41","guid":{"rendered":"https:\/\/www.refereerecorder.com\/?post_type=product&#038;p=12123"},"modified":"2026-04-20T15:12:41","modified_gmt":"2026-04-20T14:12:41","slug":"whistle-lanyard-fox40-short-pts","status":"publish","type":"product","link":"https:\/\/www.refereerecorder.com\/cs\/product\/whistle-lanyard-fox40-short-pts\/","title":{"rendered":"\u0160\u0148\u016frka k p\u00ed\u0161\u0165alce FOX40 - s klipem PTS"},"content":{"rendered":"","protected":false},"excerpt":{"rendered":"<ul>\n<li>a clip for connecting a PTS (Precisious Time System) &#8211; When you blow your whistle, a microphone send a signal to the time-system to stop a time.<\/li>\n<li>2 \u010dern\u00e9 spony na obou stran\u00e1ch \u0161\u0148\u016frky<\/li>\n<li>d\u00e9lka 28 cm \/ 11\u2033 (v\u010detn\u011b spon)<\/li>\n<\/ul>","protected":false},"featured_media":12138,"template":"","meta":{"inline_featured_image":false,"_mi_skip_tracking":false},"product_brand":[219],"product_cat":[222],"product_tag":[],"class_list":{"0":"post-12123","1":"product","2":"type-product","3":"status-publish","4":"has-post-thumbnail","6":"product_brand-fox40","7":"product_cat-lanyards","9":"first","10":"instock","11":"taxable","12":"shipping-taxable","13":"purchasable","14":"product-type-simple"},"jetpack_sharing_enabled":true,"_links":{"self":[{"href":"https:\/\/www.refereerecorder.com\/cs\/wp-json\/wp\/v2\/product\/12123","targetHints":{"allow":["GET"]}}],"collection":[{"href":"https:\/\/www.refereerecorder.com\/cs\/wp-json\/wp\/v2\/product"}],"about":[{"href":"https:\/\/www.refereerecorder.com\/cs\/wp-json\/wp\/v2\/types\/product"}],"version-history":[{"count":2,"href":"https:\/\/www.refereerecorder.com\/cs\/wp-json\/wp\/v2\/product\/12123\/revisions"}],"predecessor-version":[{"id":12141,"href":"https:\/\/www.refereerecorder.com\/cs\/wp-json\/wp\/v2\/product\/12123\/revisions\/12141"}],"wp:featuredmedia":[{"embeddable":true,"href":"https:\/\/www.refereerecorder.com\/cs\/wp-json\/wp\/v2\/media\/12138"}],"wp:attachment":[{"href":"https:\/\/www.refereerecorder.com\/cs\/wp-json\/wp\/v2\/media?parent=12123"}],"wp:term":[{"taxonomy":"product_brand","embeddable":true,"href":"https:\/\/www.refereerecorder.com\/cs\/wp-json\/wp\/v2\/product_brand?post=12123"},{"taxonomy":"product_cat","embeddable":true,"href":"https:\/\/www.refereerecorder.com\/cs\/wp-json\/wp\/v2\/product_cat?post=12123"},{"taxonomy":"product_tag","embeddable":true,"href":"https:\/\/www.refereerecorder.com\/cs\/wp-json\/wp\/v2\/product_tag?post=12123"}],"curies":[{"name":"wp","href":"https:\/\/api.w.org\/{rel}","templated":true}]}}