{"id":11975,"date":"2024-12-04T07:24:48","date_gmt":"2024-12-04T06:24:48","guid":{"rendered":"https:\/\/www.refereerecorder.com\/?post_type=product&#038;p=11975"},"modified":"2026-02-21T10:35:05","modified_gmt":"2026-02-21T09:35:05","slug":"whistle-fox40-classic-lanyard","status":"publish","type":"product","link":"https:\/\/www.refereerecorder.com\/cs\/product\/whistle-fox40-classic-lanyard\/","title":{"rendered":"P\u00ed\u0161\u0165alka FOX40 Classic - \u010dern\u00e1 + \u0161\u0148\u016frka"},"content":{"rendered":"","protected":false},"excerpt":{"rendered":"<ul>\n<li>black colour<\/li>\n<li>clear and loud sound 115 dB<\/li>\n<li>whistle lanyard included<\/li>\n<\/ul>","protected":false},"featured_media":11978,"template":"","meta":{"inline_featured_image":false,"_mi_skip_tracking":false},"product_brand":[219],"product_cat":[175],"product_tag":[],"class_list":{"0":"post-11975","1":"product","2":"type-product","3":"status-publish","4":"has-post-thumbnail","6":"product_brand-fox40","7":"product_cat-whistles","9":"first","10":"instock","11":"sale","12":"taxable","13":"shipping-taxable","14":"purchasable","15":"product-type-simple"},"jetpack_sharing_enabled":true,"_links":{"self":[{"href":"https:\/\/www.refereerecorder.com\/cs\/wp-json\/wp\/v2\/product\/11975","targetHints":{"allow":["GET"]}}],"collection":[{"href":"https:\/\/www.refereerecorder.com\/cs\/wp-json\/wp\/v2\/product"}],"about":[{"href":"https:\/\/www.refereerecorder.com\/cs\/wp-json\/wp\/v2\/types\/product"}],"version-history":[{"count":1,"href":"https:\/\/www.refereerecorder.com\/cs\/wp-json\/wp\/v2\/product\/11975\/revisions"}],"predecessor-version":[{"id":11980,"href":"https:\/\/www.refereerecorder.com\/cs\/wp-json\/wp\/v2\/product\/11975\/revisions\/11980"}],"wp:featuredmedia":[{"embeddable":true,"href":"https:\/\/www.refereerecorder.com\/cs\/wp-json\/wp\/v2\/media\/11978"}],"wp:attachment":[{"href":"https:\/\/www.refereerecorder.com\/cs\/wp-json\/wp\/v2\/media?parent=11975"}],"wp:term":[{"taxonomy":"product_brand","embeddable":true,"href":"https:\/\/www.refereerecorder.com\/cs\/wp-json\/wp\/v2\/product_brand?post=11975"},{"taxonomy":"product_cat","embeddable":true,"href":"https:\/\/www.refereerecorder.com\/cs\/wp-json\/wp\/v2\/product_cat?post=11975"},{"taxonomy":"product_tag","embeddable":true,"href":"https:\/\/www.refereerecorder.com\/cs\/wp-json\/wp\/v2\/product_tag?post=11975"}],"curies":[{"name":"wp","href":"https:\/\/api.w.org\/{rel}","templated":true}]}}